{"id":1013,"date":"2025-09-11T03:08:52","date_gmt":"2025-09-11T03:08:52","guid":{"rendered":"https:\/\/buildnest.bravisthemes.com\/?page_id=1013"},"modified":"2025-12-25T08:39:32","modified_gmt":"2025-12-25T08:39:32","slug":"hakkimizda","status":"publish","type":"page","link":"https:\/\/sanliturkyapi.com\/en\/hakkimizda\/","title":{"rendered":"About us"},"content":{"rendered":"<div data-elementor-type=\"wp-page\" data-elementor-id=\"1013\" class=\"elementor elementor-1013\">\n\t\t\t\t<div class=\"elementor-element elementor-element-2d1b895 e-flex e-con-boxed pxl-row-scroll-none pxl-column-none pxl-full-content-with-space-none e-con e-parent\" data-id=\"2d1b895\" data-element_type=\"container\">\t\t\t<div class=\"e-con-inner\">\r\n\t\t<div class=\"elementor-element elementor-element-b8eec02 e-con-full e-flex pxl-row-scroll-none pxl-column-none pxl-full-content-with-space-none e-con e-child\" data-id=\"b8eec02\" data-element_type=\"container\"><div class=\"elementor-element elementor-element-c3ba06f e-con-full e-flex pxl-row-scroll-none pxl-column-none pxl-full-content-with-space-none e-con e-child\" data-id=\"c3ba06f\" data-element_type=\"container\" data-settings=\"{&quot;background_background&quot;:&quot;gradient&quot;}\">\t\t<div class=\"elementor-element elementor-element-a402885 elementor-widget__width-inherit elementor-widget elementor-widget-pxl_counter\" data-id=\"a402885\" data-element_type=\"widget\" data-widget_type=\"pxl_counter.default\">\n\t\t\t\t<div class=\"elementor-widget-container\">\n\t\t\t\t\t<div class=\"pxl-counter pxl-counter1 style5\" data-wow-delay=\"ms\">\r\n    <div class=\"pxl-counter--inner\">\r\n        <div class=\"pxl-counter--holder\">\r\n                                    <div class=\"pxl-counter--number\">\r\n                <span class=\"pxl-counter--prefix el-empty\"><\/span>\r\n                <span class=\"pxl-counter--value effect-default\" data-duration=\"2000\" data-startnumber=\"1\" data-endnumber=\"32\" data-to-value=\"32\" data-delimiter=\"\">1<\/span>\r\n                                    <span class=\"pxl-counter--suffix\">+YEARS<\/span>\r\n                            <\/div>\r\n        <\/div>\r\n            <\/div>\r\n<\/div>\t\t\t\t<\/div>\n\t\t\t\t<\/div>\n\t\t\t\t<\/div>\r\n\t\t\t\t<div class=\"elementor-element elementor-element-ce89824 elementor-widget-mobile_extra__width-inherit elementor-widget__width-initial elementor-widget-tablet__width-initial elementor-widget elementor-widget-pxl_heading\" data-id=\"ce89824\" data-element_type=\"widget\" data-widget_type=\"pxl_heading.default\">\n\t\t\t\t<div class=\"elementor-widget-container\">\n\t\t\t\t\t\n<div id=\"pxl-pxl_heading-ce89824-2076\" class=\"pxl-heading px-sub-title-default-style\">\n\t<div class=\"pxl-heading--inner\">\n\t\t\n\n\n\t\t<h2 class=\"pxl-item--title\t\t\tstyle-outline highlight-default\t\t\tpxl-split-text split-up\"\n\t\t\tdata-wow-delay=\"ms\">\n\t\t\t\t\t\t\t\t\t\t\t\t\t<span class=\"pxl-text-line-backdrop\">\n\t\t\t\t\t\t\t<span>We are building the future on solid foundations.<\/span>\n\t\t\t\t\t\t<\/span>\n\t\t\t\t\t\t\t\t\t\t<\/h2>\n\n\n\n\t<\/div>\n<\/div>\t\t\t\t<\/div>\n\t\t\t\t<\/div>\n\t\t\t\t<\/div>\r\n\t\t\t\t<div class=\"elementor-element elementor-element-f481bd6 elementor-widget elementor-widget-spacer\" data-id=\"f481bd6\" data-element_type=\"widget\" data-widget_type=\"spacer.default\">\n\t\t\t\t\t\t\t<div class=\"elementor-spacer\">\n\t\t\t<div class=\"elementor-spacer-inner\"><\/div>\n\t\t<\/div>\n\t\t\t\t\t\t<\/div>\n\t\t\t\t<div class=\"elementor-element elementor-element-5deb560 elementor-widget__width-initial elementor-widget-widescreen__width-initial elementor-widget elementor-widget-pxl_text_editor\" data-id=\"5deb560\" data-element_type=\"widget\" data-widget_type=\"pxl_text_editor.default\">\n\t\t\t\t<div class=\"elementor-widget-container\">\n\t\t\t\t\t<div class=\"pxl-text-editor default\">\n\t<div class=\"pxl-item--inner\" data-wow-delay=\"ms\">\n\t\t<p data-start=\"166\" data-end=\"556\">\u015eanl\u0131t\u00fcrk Yap\u0131, <strong data-start=\"182\" data-end=\"220\">Housing production in Ordu in 2003<\/strong> started its activities in this field, and today <strong data-start=\"265\" data-end=\"283\">\u015eanl\u0131t\u00fcrk Grup<\/strong> It is a construction company that continues its activities with quality and reliability-focused projects. The foundations of the group are <strong data-start=\"394\" data-end=\"458\">Sel\u00e7uk Construction was founded in 1993 by Naci \u015eanl\u0131t\u00fcrk<\/strong> It was founded and has grown into a strong and corporate structure over the years by expanding into different sectors<\/p><p data-start=\"558\" data-end=\"874\">\u015eanl\u0131t\u00fcrk Yap\u0131, in every project <strong data-start=\"589\" data-end=\"617\">respectful of people and nature<\/strong>It is committed to producing housing that meets modern living standards. With structures that combine aesthetics, functionality, and durability, it creates not only living spaces but also contributes positively to the region in which it is located <strong data-start=\"819\" data-end=\"850\">projects that add lasting value<\/strong> is being implemented.<\/p><p data-start=\"876\" data-end=\"1205\">\u015eanl\u0131t\u00fcrk Yap\u0131 places customer satisfaction at its core; <strong data-start=\"929\" data-end=\"959\">high quality materials<\/strong>The company works with expert solution partners and experienced teams in its field. Closely following constantly evolving technology, the firm adapts to changing lifestyle expectations <strong data-start=\"1130\" data-end=\"1178\">sustainable, safe and high-quality buildings<\/strong> It continues to produce.<\/p>\t\t\n\t<\/div>\n<\/div>\t\t\t\t<\/div>\n\t\t\t\t<\/div>\n\t\t\t\t\t<\/div>\r\n\t\t\t\t<\/div>\r\n\t\t\t\t<\/div>","protected":false},"excerpt":{"rendered":"<p>1 + YILDIR Gelece\u011fi Sa\u011flam Temellerle Kuruyoruz \u015eanl\u0131t\u00fcrk Yap\u0131, 2003 y\u0131l\u0131nda Ordu\u2019da konut \u00fcretimi alan\u0131nda faaliyetlerine ba\u015flam\u0131\u015f, bug\u00fcn ise \u015eanl\u0131t\u00fcrk Grup b\u00fcnyesinde kalite ve g\u00fcven odakl\u0131 projeleriyle faaliyetlerini s\u00fcrd\u00fcren bir yap\u0131 firmas\u0131d\u0131r. Grubun temelleri, 1993 y\u0131l\u0131nda Naci \u015eanl\u0131t\u00fcrk taraf\u0131ndan kurulan Sel\u00e7uk \u0130n\u015faat ile at\u0131lm\u0131\u015f; y\u0131llar i\u00e7inde farkl\u0131 sekt\u00f6rlerde b\u00fcy\u00fcyerek g\u00fc\u00e7l\u00fc ve kurumsal bir yap\u0131ya kavu\u015fmu\u015ftur. [&hellip;]<\/p>","protected":false},"author":1,"featured_media":0,"parent":0,"menu_order":0,"comment_status":"closed","ping_status":"closed","template":"","meta":{"footnotes":""},"class_list":["post-1013","page","type-page","status-publish","hentry"],"_links":{"self":[{"href":"https:\/\/sanliturkyapi.com\/en\/wp-json\/wp\/v2\/pages\/1013","targetHints":{"allow":["GET"]}}],"collection":[{"href":"https:\/\/sanliturkyapi.com\/en\/wp-json\/wp\/v2\/pages"}],"about":[{"href":"https:\/\/sanliturkyapi.com\/en\/wp-json\/wp\/v2\/types\/page"}],"author":[{"embeddable":true,"href":"https:\/\/sanliturkyapi.com\/en\/wp-json\/wp\/v2\/users\/1"}],"replies":[{"embeddable":true,"href":"https:\/\/sanliturkyapi.com\/en\/wp-json\/wp\/v2\/comments?post=1013"}],"version-history":[{"count":44,"href":"https:\/\/sanliturkyapi.com\/en\/wp-json\/wp\/v2\/pages\/1013\/revisions"}],"predecessor-version":[{"id":5370,"href":"https:\/\/sanliturkyapi.com\/en\/wp-json\/wp\/v2\/pages\/1013\/revisions\/5370"}],"wp:attachment":[{"href":"https:\/\/sanliturkyapi.com\/en\/wp-json\/wp\/v2\/media?parent=1013"}],"curies":[{"name":"wp","href":"https:\/\/api.w.org\/{rel}","templated":true}]}}