{"id":1078,"date":"2025-09-12T01:41:26","date_gmt":"2025-09-12T01:41:26","guid":{"rendered":"https:\/\/buildnest.bravisthemes.com\/?page_id=1078"},"modified":"2025-12-21T18:36:09","modified_gmt":"2025-12-21T18:36:09","slug":"iletisim","status":"publish","type":"page","link":"https:\/\/sanliturkyapi.com\/en\/iletisim\/","title":{"rendered":"Contact"},"content":{"rendered":"<div data-elementor-type=\"wp-page\" data-elementor-id=\"1078\" class=\"elementor elementor-1078\">\n\t\t\t\t<div class=\"elementor-element elementor-element-aa3cb94 e-flex e-con-boxed pxl-row-scroll-none pxl-column-none pxl-full-content-with-space-none e-con e-parent\" data-id=\"aa3cb94\" data-element_type=\"container\">\t\t\t<div class=\"e-con-inner\">\r\n\t\t\t\t<div class=\"elementor-element elementor-element-c4f86c3 elementor-widget elementor-widget-html\" data-id=\"c4f86c3\" data-element_type=\"widget\" data-widget_type=\"html.default\">\n\t\t\t\t\t<div class=\"_relative _z9 _shapes _adj\">\r\n<iframe src=\"https:\/\/www.google.com\/maps\/embed?pb=!1m18!1m12!1m3!1d3012.4096169925842!2d37.891332177388655!3d40.97251057135579!2m3!1f0!2f0!3f0!3m2!1i1024!2i768!4f13.1!3m3!1m2!1s0x406321c00087d3dd%3A0x110e0a1e0f73065f!2sRamada%20Plaza%20by%20Wyndham%20Ordu!5e0!3m2!1str!2str!4v1765058239441!5m2!1str!2str\" width=\"100%\" height=\"400\" style=\"border:0; min-height: 400px;\" allowfullscreen=\"\" loading=\"lazy\" referrerpolicy=\"no-referrer-when-downgrade\"><\/iframe>\t\t\t\t<\/div>\n\t\t\t\t\t<\/div>\r\n\t\t\t\t<\/div>\r\n\t\t<div class=\"elementor-element elementor-element-0c74852 e-flex e-con-boxed pxl-row-scroll-none pxl-column-none pxl-full-content-with-space-none e-con e-parent\" data-id=\"0c74852\" data-element_type=\"container\">\t\t\t<div class=\"e-con-inner\">\r\n\t\t<div class=\"elementor-element elementor-element-16256ef e-con-full e-flex pxl-row-scroll-none pxl-column-none pxl-full-content-with-space-none e-con e-child\" data-id=\"16256ef\" data-element_type=\"container\">\t\t<div class=\"elementor-element elementor-element-8163c49 elementor-widget elementor-widget-pxl_heading\" data-id=\"8163c49\" data-element_type=\"widget\" data-widget_type=\"pxl_heading.default\">\n\t\t\t\t<div class=\"elementor-widget-container\">\n\t\t\t\t\t\n<div id=\"pxl-pxl_heading-8163c49-6716\" class=\"pxl-heading px-sub-title-default-style\">\n\t<div class=\"pxl-heading--inner\">\n\t\t\n\n\n\t\t<h2 class=\"pxl-item--title\t\t\tstyle-default highlight-default\t\t\tpxl-split-text split-in-rotate\"\n\t\t\tdata-wow-delay=\"ms\">\n\t\t\t\t\t\t\tContact\t\t\t\t\t<\/h2>\n\n\n\n\t<\/div>\n<\/div>\t\t\t\t<\/div>\n\t\t\t\t<\/div>\n\t\t\t\t<div class=\"elementor-element elementor-element-ce1d798 elementor-widget elementor-widget-pxl_text_editor\" data-id=\"ce1d798\" data-element_type=\"widget\" data-widget_type=\"pxl_text_editor.default\">\n\t\t\t\t<div class=\"elementor-widget-container\">\n\t\t\t\t\t<div class=\"pxl-text-editor default\">\n\t<div class=\"pxl-item--inner\" data-wow-delay=\"ms\">\n\t\t<p>You can contact us for information about our services and solution areas. <br \/>Our team will contact you as soon as possible in line with your requests.<\/p>\t\t\n\t<\/div>\n<\/div>\t\t\t\t<\/div>\n\t\t\t\t<\/div>\n\t\t<div class=\"elementor-element elementor-element-5d4b733 e-con-full e-flex pxl-row-scroll-none pxl-column-none pxl-full-content-with-space-none e-con e-child\" data-id=\"5d4b733\" data-element_type=\"container\"><div class=\"elementor-element elementor-element-f792884 e-con-full e-flex pxl-row-scroll-none pxl-column-none pxl-full-content-with-space-none elementor-invisible e-con e-child\" data-id=\"f792884\" data-element_type=\"container\" data-settings=\"{&quot;animation&quot;:&quot;fadeInUp&quot;,&quot;animation_delay&quot;:300}\">\t\t<div class=\"elementor-element elementor-element-a383773 e-transform elementor-widget elementor-widget-pxl_icon\" data-id=\"a383773\" data-element_type=\"widget\" data-settings=\"{&quot;_transform_rotateZ_effect&quot;:{&quot;unit&quot;:&quot;px&quot;,&quot;size&quot;:180,&quot;sizes&quot;:[]},&quot;_transform_rotateZ_effect_widescreen&quot;:{&quot;unit&quot;:&quot;deg&quot;,&quot;size&quot;:&quot;&quot;,&quot;sizes&quot;:[]},&quot;_transform_rotateZ_effect_laptop&quot;:{&quot;unit&quot;:&quot;deg&quot;,&quot;size&quot;:&quot;&quot;,&quot;sizes&quot;:[]},&quot;_transform_rotateZ_effect_tablet_extra&quot;:{&quot;unit&quot;:&quot;deg&quot;,&quot;size&quot;:&quot;&quot;,&quot;sizes&quot;:[]},&quot;_transform_rotateZ_effect_tablet&quot;:{&quot;unit&quot;:&quot;deg&quot;,&quot;size&quot;:&quot;&quot;,&quot;sizes&quot;:[]},&quot;_transform_rotateZ_effect_mobile_extra&quot;:{&quot;unit&quot;:&quot;deg&quot;,&quot;size&quot;:&quot;&quot;,&quot;sizes&quot;:[]},&quot;_transform_rotateZ_effect_mobile&quot;:{&quot;unit&quot;:&quot;deg&quot;,&quot;size&quot;:&quot;&quot;,&quot;sizes&quot;:[]}}\" data-widget_type=\"pxl_icon.default\">\n\t\t\t\t<div class=\"elementor-widget-container\">\n\t\t\t\t\t            <div class=\"pxl-icon-list pxl-icon1  style-1\"\r\n            data-wow-delay=\"ms\">\r\n                                                            <a class=\"elementor-repeater-item-7f70e16\"\r\n                        >\r\n                                                    <i aria-hidden=\"true\" class=\"fas fa-location-arrow\"><\/i>                                                                        <\/a>\r\n                                    <\/div>\r\n    \t\t\t\t<\/div>\n\t\t\t\t<\/div>\n\t\t\t\t<div class=\"elementor-element elementor-element-c8f310f elementor-widget elementor-widget-pxl_heading\" data-id=\"c8f310f\" data-element_type=\"widget\" data-widget_type=\"pxl_heading.default\">\n\t\t\t\t<div class=\"elementor-widget-container\">\n\t\t\t\t\t\n<div id=\"pxl-pxl_heading-c8f310f-4467\" class=\"pxl-heading px-sub-title-default-style\">\n\t<div class=\"pxl-heading--inner\">\n\t\t\n\n\n\t\t<h3 class=\"pxl-item--title\t\t\tstyle-default highlight-default\"\n\t\t\tdata-wow-delay=\"ms\">\n\t\t\t\t\t\t\tAddress\t\t\t\t\t<\/h3>\n\n\n\n\t<\/div>\n<\/div>\t\t\t\t<\/div>\n\t\t\t\t<\/div>\n\t\t\t\t<div class=\"elementor-element elementor-element-647d0e7 elementor-widget elementor-widget-pxl_text_editor\" data-id=\"647d0e7\" data-element_type=\"widget\" data-widget_type=\"pxl_text_editor.default\">\n\t\t\t\t<div class=\"elementor-widget-container\">\n\t\t\t\t\t<div class=\"pxl-text-editor default\">\n\t<div class=\"pxl-item--inner\" data-wow-delay=\"ms\">\n\t\t<p><a href=\"https:\/\/www.google.com\/maps\/place\/\/data=!4m2!3m1!1s0x406321c00087d3dd:0x110e0a1e0f73065f?sa=X&amp;ved=1t:8290&amp;ictx=111\" data-url=\"\/maps\/place\/\/data=!4m2!3m1!1s0x406321c00087d3dd:0x110e0a1e0f73065f?sa=X&amp;ved=2ahUKEwjmnMWq8seRAxV4VPEDHZ84NtEQ4kB6BAgGEAA\">Yeni Mahalle, Z\u00fcbeyde Han\u0131m Cd. No:211, 52200 Alt\u0131nordu\/Ordu<\/a><\/p>\t\t\n\t<\/div>\n<\/div>\t\t\t\t<\/div>\n\t\t\t\t<\/div>\n\t\t\t\t<\/div>\r\n\t\t\t\t<div class=\"elementor-element elementor-element-387a02e elementor-widget__width-auto elementor-widget-mobile__width-inherit elementor-hidden-mobile elementor-widget-divider--view-line elementor-widget elementor-widget-divider\" data-id=\"387a02e\" data-element_type=\"widget\" data-widget_type=\"divider.default\">\n\t\t\t\t\t\t\t<div class=\"elementor-divider\">\n\t\t\t<span class=\"elementor-divider-separator\">\n\t\t\t\t\t\t<\/span>\n\t\t<\/div>\n\t\t\t\t\t\t<\/div>\n\t\t<div class=\"elementor-element elementor-element-d95c1cb e-con-full e-flex pxl-row-scroll-none pxl-column-none pxl-full-content-with-space-none elementor-invisible e-con e-child\" data-id=\"d95c1cb\" data-element_type=\"container\" data-settings=\"{&quot;animation&quot;:&quot;fadeInUp&quot;,&quot;animation_delay&quot;:400}\">\t\t<div class=\"elementor-element elementor-element-0699ea1 elementor-widget elementor-widget-pxl_icon\" data-id=\"0699ea1\" data-element_type=\"widget\" data-widget_type=\"pxl_icon.default\">\n\t\t\t\t<div class=\"elementor-widget-container\">\n\t\t\t\t\t            <div class=\"pxl-icon-list pxl-icon1  style-1\"\r\n            data-wow-delay=\"ms\">\r\n                                                            <a class=\"elementor-repeater-item-7f70e16\"\r\n                        >\r\n                                                    <i aria-hidden=\"true\" class=\"bootstrap-icons bi-chat-fill\"><\/i>                                                                        <\/a>\r\n                                    <\/div>\r\n    \t\t\t\t<\/div>\n\t\t\t\t<\/div>\n\t\t\t\t<div class=\"elementor-element elementor-element-bde3655 elementor-widget elementor-widget-pxl_heading\" data-id=\"bde3655\" data-element_type=\"widget\" data-widget_type=\"pxl_heading.default\">\n\t\t\t\t<div class=\"elementor-widget-container\">\n\t\t\t\t\t\n<div id=\"pxl-pxl_heading-bde3655-6469\" class=\"pxl-heading px-sub-title-default-style\">\n\t<div class=\"pxl-heading--inner\">\n\t\t\n\n\n\t\t<h3 class=\"pxl-item--title\t\t\tstyle-default highlight-default\"\n\t\t\tdata-wow-delay=\"ms\">\n\t\t\t\t\t\t\tE-Mail\t\t\t\t\t<\/h3>\n\n\n\n\t<\/div>\n<\/div>\t\t\t\t<\/div>\n\t\t\t\t<\/div>\n\t\t\t\t<div class=\"elementor-element elementor-element-ac4cb7b elementor-widget elementor-widget-pxl_text_editor\" data-id=\"ac4cb7b\" data-element_type=\"widget\" data-widget_type=\"pxl_text_editor.default\">\n\t\t\t\t<div class=\"elementor-widget-container\">\n\t\t\t\t\t<div class=\"pxl-text-editor default\">\n\t<div class=\"pxl-item--inner\" data-wow-delay=\"ms\">\n\t\t<p><a href=\"mailto:info@sanliturkyapi.com\">info@sanliturkyapi.com<\/a><\/p>\t\t\n\t<\/div>\n<\/div>\t\t\t\t<\/div>\n\t\t\t\t<\/div>\n\t\t\t\t<\/div>\r\n\t\t\t\t<div class=\"elementor-element elementor-element-fd3d41d elementor-widget__width-auto elementor-widget-mobile__width-inherit elementor-hidden-mobile elementor-widget-divider--view-line elementor-widget elementor-widget-divider\" data-id=\"fd3d41d\" data-element_type=\"widget\" data-widget_type=\"divider.default\">\n\t\t\t\t\t\t\t<div class=\"elementor-divider\">\n\t\t\t<span class=\"elementor-divider-separator\">\n\t\t\t\t\t\t<\/span>\n\t\t<\/div>\n\t\t\t\t\t\t<\/div>\n\t\t<div class=\"elementor-element elementor-element-e684722 e-con-full e-flex pxl-row-scroll-none pxl-column-none pxl-full-content-with-space-none elementor-invisible e-con e-child\" data-id=\"e684722\" data-element_type=\"container\" data-settings=\"{&quot;animation&quot;:&quot;fadeInUp&quot;,&quot;animation_delay&quot;:500}\">\t\t<div class=\"elementor-element elementor-element-df962e6 elementor-widget elementor-widget-pxl_icon\" data-id=\"df962e6\" data-element_type=\"widget\" data-widget_type=\"pxl_icon.default\">\n\t\t\t\t<div class=\"elementor-widget-container\">\n\t\t\t\t\t            <div class=\"pxl-icon-list pxl-icon1  style-1\"\r\n            data-wow-delay=\"ms\">\r\n                                                            <a class=\"elementor-repeater-item-7f70e16\"\r\n                        >\r\n                                                    <i aria-hidden=\"true\" class=\"bootstrap-icons bi-clock-fill\"><\/i>                                                                        <\/a>\r\n                                    <\/div>\r\n    \t\t\t\t<\/div>\n\t\t\t\t<\/div>\n\t\t\t\t<div class=\"elementor-element elementor-element-e957376 elementor-widget elementor-widget-pxl_heading\" data-id=\"e957376\" data-element_type=\"widget\" data-widget_type=\"pxl_heading.default\">\n\t\t\t\t<div class=\"elementor-widget-container\">\n\t\t\t\t\t\n<div id=\"pxl-pxl_heading-e957376-6197\" class=\"pxl-heading px-sub-title-default-style\">\n\t<div class=\"pxl-heading--inner\">\n\t\t\n\n\n\t\t<h3 class=\"pxl-item--title\t\t\tstyle-default highlight-default\"\n\t\t\tdata-wow-delay=\"ms\">\n\t\t\t\t\t\t\tWORKING HOURS\t\t\t\t\t<\/h3>\n\n\n\n\t<\/div>\n<\/div>\t\t\t\t<\/div>\n\t\t\t\t<\/div>\n\t\t\t\t<div class=\"elementor-element elementor-element-1722bf6 elementor-widget elementor-widget-pxl_text_editor\" data-id=\"1722bf6\" data-element_type=\"widget\" data-widget_type=\"pxl_text_editor.default\">\n\t\t\t\t<div class=\"elementor-widget-container\">\n\t\t\t\t\t<div class=\"pxl-text-editor default\">\n\t<div class=\"pxl-item--inner\" data-wow-delay=\"ms\">\n\t\t<p>Monday \u2013 Saturday: 08:00 \u2013 18:00<br \/>Sunday: Closed<\/p>\t\t\n\t<\/div>\n<\/div>\t\t\t\t<\/div>\n\t\t\t\t<\/div>\n\t\t\t\t<\/div>\r\n\t\t\t\t<\/div>\r\n\t\t\t\t<\/div>\r\n\t\t\t\t\t<\/div>\r\n\t\t\t\t<\/div>\r\n\t\t\t\t<\/div>","protected":false},"excerpt":{"rendered":"<p>\u0130leti\u015fim Hizmetlerimiz ve \u00e7\u00f6z\u00fcm alanlar\u0131m\u0131z hakk\u0131nda bilgi almak i\u00e7in bizimle ileti\u015fime ge\u00e7ebilirsiniz. Talepleriniz do\u011frultusunda ekibimiz sizinle en k\u0131sa s\u00fcrede irtibata ge\u00e7ecektir. Adres Yeni Mahalle, Z\u00fcbeyde Han\u0131m Cd. No:211, 52200 Alt\u0131nordu\/Ordu E-Posta info@sanliturkyapi.com \u00c7ALI\u015eMA SAATLER\u0130 Pazartesi &#8211; Cumartesi: 08:00 &#8211; 18:00Pazar: Kapal\u0131<\/p>","protected":false},"author":1,"featured_media":0,"parent":0,"menu_order":0,"comment_status":"closed","ping_status":"closed","template":"","meta":{"footnotes":""},"class_list":["post-1078","page","type-page","status-publish","hentry"],"_links":{"self":[{"href":"https:\/\/sanliturkyapi.com\/en\/wp-json\/wp\/v2\/pages\/1078","targetHints":{"allow":["GET"]}}],"collection":[{"href":"https:\/\/sanliturkyapi.com\/en\/wp-json\/wp\/v2\/pages"}],"about":[{"href":"https:\/\/sanliturkyapi.com\/en\/wp-json\/wp\/v2\/types\/page"}],"author":[{"embeddable":true,"href":"https:\/\/sanliturkyapi.com\/en\/wp-json\/wp\/v2\/users\/1"}],"replies":[{"embeddable":true,"href":"https:\/\/sanliturkyapi.com\/en\/wp-json\/wp\/v2\/comments?post=1078"}],"version-history":[{"count":15,"href":"https:\/\/sanliturkyapi.com\/en\/wp-json\/wp\/v2\/pages\/1078\/revisions"}],"predecessor-version":[{"id":5320,"href":"https:\/\/sanliturkyapi.com\/en\/wp-json\/wp\/v2\/pages\/1078\/revisions\/5320"}],"wp:attachment":[{"href":"https:\/\/sanliturkyapi.com\/en\/wp-json\/wp\/v2\/media?parent=1078"}],"curies":[{"name":"wp","href":"https:\/\/api.w.org\/{rel}","templated":true}]}}