{"id":1810,"date":"2025-09-22T06:53:32","date_gmt":"2025-09-22T06:53:32","guid":{"rendered":"https:\/\/buildnest.bravisthemes.com\/?page_id=1810"},"modified":"2025-12-29T14:54:55","modified_gmt":"2025-12-29T14:54:55","slug":"uretim-gucumuz","status":"publish","type":"page","link":"https:\/\/sanliturkyapi.com\/en\/uretim-gucumuz\/","title":{"rendered":"Our Production Power"},"content":{"rendered":"<div data-elementor-type=\"wp-page\" data-elementor-id=\"1810\" class=\"elementor elementor-1810\">\n\t\t\t\t<div class=\"elementor-element elementor-element-1701d7d e-con-full e-flex pxl-row-scroll-none pxl-column-none pxl-full-content-with-space-none e-con e-parent\" data-id=\"1701d7d\" data-element_type=\"container\">\t\t<div class=\"elementor-element elementor-element-69d8e49 elementor-widget__width-initial elementor-widget elementor-widget-heading\" data-id=\"69d8e49\" data-element_type=\"widget\" data-widget_type=\"heading.default\">\n\t\t\t\t\t<h2 class=\"elementor-heading-title elementor-size-default\">Our Production Power<\/h2>\t\t\t\t<\/div>\n\t\t\t\t<div class=\"elementor-element elementor-element-bac9189 elementor-widget elementor-widget-spacer\" data-id=\"bac9189\" data-element_type=\"widget\" data-widget_type=\"spacer.default\">\n\t\t\t\t\t\t\t<div class=\"elementor-spacer\">\n\t\t\t<div class=\"elementor-spacer-inner\"><\/div>\n\t\t<\/div>\n\t\t\t\t\t\t<\/div>\n\t\t\t\t<div class=\"elementor-element elementor-element-f09f60e elementor-widget__width-initial elementor-widget elementor-widget-text-editor\" data-id=\"f09f60e\" data-element_type=\"widget\" data-widget_type=\"text-editor.default\">\n\t\t\t\t\t\t\t\t\t<p style=\"text-align: center;\">At \u015eanl\u0131t\u00fcrk Yap\u0131, we carry out all production and application processes in-house to maintain the highest quality standards in all our projects. This approach allows us to directly control processes, achieve efficiency in time and cost management, and systematically realize sustainable, safe, and long-lasting structures.<\/p>\t\t\t\t\t\t\t\t<\/div>\n\t\t<div class=\"elementor-element elementor-element-60a12db e-con-full e-flex pxl-row-scroll-none pxl-column-none pxl-full-content-with-space-none e-con e-child\" data-id=\"60a12db\" data-element_type=\"container\"><div class=\"elementor-element elementor-element-24bc1b6 e-con-full pxl-column-sticky e-flex pxl-row-scroll-none pxl-full-content-with-space-none e-con e-child\" data-id=\"24bc1b6\" data-element_type=\"container\"><div class=\"elementor-element elementor-element-37d2340 e-con-full e-flex pxl-row-scroll-none pxl-column-none pxl-full-content-with-space-none e-con e-child\" data-id=\"37d2340\" data-element_type=\"container\" data-settings=\"{&quot;background_background&quot;:&quot;classic&quot;}\">\t\t<div class=\"elementor-element elementor-element-945aed3 elementor-widget elementor-widget-pxl_heading\" data-id=\"945aed3\" data-element_type=\"widget\" data-widget_type=\"pxl_heading.default\">\n\t\t\t\t<div class=\"elementor-widget-container\">\n\t\t\t\t\t\n<div id=\"pxl-pxl_heading-945aed3-3153\" class=\"pxl-heading px-sub-title-2-style\">\n\t<div class=\"pxl-heading--inner\">\n\t\t\n\n\n\t\t<h4 class=\"pxl-item--title\t\t\tstyle-default highlight-default\"\n\t\t\tdata-wow-delay=\"ms\">\n\t\t\t\t\t\t\tSelcuk Construction (1993)\t\t\t\t\t<\/h4>\n\n\n\n\t<\/div>\n<\/div>\t\t\t\t<\/div>\n\t\t\t\t<\/div>\n\t\t\t\t<div class=\"elementor-element elementor-element-55a523c elementor-widget elementor-widget-pxl_text_editor\" data-id=\"55a523c\" data-element_type=\"widget\" data-widget_type=\"pxl_text_editor.default\">\n\t\t\t\t<div class=\"elementor-widget-container\">\n\t\t\t\t\t<div class=\"pxl-text-editor default\">\n\t<div class=\"pxl-item--inner\" data-wow-delay=\"ms\">\n\t\t<p data-start=\"85\" data-end=\"433\">Of our group <strong data-start=\"96\" data-end=\"130\">Sel\u00e7uk Construction, its first company\u00a0<\/strong>from rough construction to fine workmanship <strong data-start=\"171\" data-end=\"222\">keeping building materials in its own stock<\/strong> strong construction materials company. It offers all the products needed for projects, primarily including concrete, steel, building chemicals, insulation products, and finishing materials. <strong data-start=\"396\" data-end=\"413\">from a single center<\/strong> is provided.<\/p><p data-start=\"435\" data-end=\"808\">Materials needed for all our projects, <strong data-start=\"479\" data-end=\"519\">directly through our own company<\/strong> by providing <strong data-start=\"531\" data-end=\"558\">speed in logistics processes<\/strong>, <strong data-start=\"560\" data-end=\"595\">cost control and advantage<\/strong>, <strong data-start=\"597\" data-end=\"638\">continuity in quality standards<\/strong> structure ensures uninterrupted supply chain management and guarantees that projects are completed on time and at the planned quality level.<\/p>\t\t\n\t<\/div>\n<\/div>\t\t\t\t<\/div>\n\t\t\t\t<\/div>\n\t\t\t\t<\/div>\r\n\t\t<div class=\"elementor-element elementor-element-d3da3b5 e-con-full e-flex pxl-row-scroll-none pxl-column-none pxl-full-content-with-space-none e-con e-child\" data-id=\"d3da3b5\" data-element_type=\"container\" data-settings=\"{&quot;background_background&quot;:&quot;classic&quot;}\">\t\t<div class=\"elementor-element elementor-element-741caae elementor-widget elementor-widget-spacer\" data-id=\"741caae\" data-element_type=\"widget\" data-widget_type=\"spacer.default\">\n\t\t\t\t\t\t\t<div class=\"elementor-spacer\">\n\t\t\t<div class=\"elementor-spacer-inner\"><\/div>\n\t\t<\/div>\n\t\t\t\t\t\t<\/div>\n\t\t\t\t<\/div>\r\n\t\t\t\t<\/div>\r\n\t\t<div class=\"elementor-element elementor-element-e9ffe68 e-con-full pxl-column-sticky e-flex pxl-row-scroll-none pxl-full-content-with-space-none e-con e-child\" data-id=\"e9ffe68\" data-element_type=\"container\"><div class=\"elementor-element elementor-element-ae266de e-con-full e-flex pxl-row-scroll-none pxl-column-none pxl-full-content-with-space-none e-con e-child\" data-id=\"ae266de\" data-element_type=\"container\" data-settings=\"{&quot;background_background&quot;:&quot;classic&quot;}\">\t\t<div class=\"elementor-element elementor-element-f573029 elementor-widget elementor-widget-pxl_heading\" data-id=\"f573029\" data-element_type=\"widget\" data-widget_type=\"pxl_heading.default\">\n\t\t\t\t<div class=\"elementor-widget-container\">\n\t\t\t\t\t\n<div id=\"pxl-pxl_heading-f573029-5805\" class=\"pxl-heading px-sub-title-2-style\">\n\t<div class=\"pxl-heading--inner\">\n\t\t\n\n\n\t\t<h4 class=\"pxl-item--title\t\t\tstyle-default highlight-default\"\n\t\t\tdata-wow-delay=\"ms\">\n\t\t\t\t\t\t\tPenta Beton (2009)\t\t\t\t\t<\/h4>\n\n\n\n\t<\/div>\n<\/div>\t\t\t\t<\/div>\n\t\t\t\t<\/div>\n\t\t\t\t<div class=\"elementor-element elementor-element-518442f elementor-widget elementor-widget-pxl_text_editor\" data-id=\"518442f\" data-element_type=\"widget\" data-widget_type=\"pxl_text_editor.default\">\n\t\t\t\t<div class=\"elementor-widget-container\">\n\t\t\t\t\t<div class=\"pxl-text-editor default\">\n\t<div class=\"pxl-item--inner\" data-wow-delay=\"ms\">\n\t\t<p data-start=\"87\" data-end=\"403\"><strong data-start=\"87\" data-end=\"146\">Penta Beton, operating under the \u015eanl\u0131t\u00fcrk Group,<\/strong>, two separate <strong data-start=\"157\" data-end=\"179\">ready-mix concrete plant<\/strong> with the region <strong data-start=\"193\" data-end=\"248\">It is the concrete company with the highest production capacity.<\/strong>With modern facility infrastructure and continuously monitored production processes. <strong data-start=\"339\" data-end=\"371\">high-strength ready-mixed concrete<\/strong> production is carried out.<\/p><p data-start=\"405\" data-end=\"768\" class=\"translation-block\">The concrete used in our residential projects is <strong data-start=\"445\" data-end=\"497\">entirely supplied by our own company<\/strong>, thereby ensuring <strong data-start=\"520\" data-end=\"552\">full compliance with technical standards<\/strong>, <strong data-start=\"554\" data-end=\"592\">continuous quality control<\/strong> and <strong data-start=\"596\" data-end=\"617\">on-time supply<\/strong>. Managing all processes from production to the construction site through a single center forms the foundation of structural safety and long-lasting projects.<\/p>\t\t\n\t<\/div>\n<\/div>\t\t\t\t<\/div>\n\t\t\t\t<\/div>\n\t\t\t\t<\/div>\r\n\t\t<div class=\"elementor-element elementor-element-3d5261b e-con-full e-flex pxl-row-scroll-none pxl-column-none pxl-full-content-with-space-none e-con e-child\" data-id=\"3d5261b\" data-element_type=\"container\" data-settings=\"{&quot;background_background&quot;:&quot;classic&quot;}\">\t\t<div class=\"elementor-element elementor-element-5d587e2 elementor-widget elementor-widget-spacer\" data-id=\"5d587e2\" data-element_type=\"widget\" data-widget_type=\"spacer.default\">\n\t\t\t\t\t\t\t<div class=\"elementor-spacer\">\n\t\t\t<div class=\"elementor-spacer-inner\"><\/div>\n\t\t<\/div>\n\t\t\t\t\t\t<\/div>\n\t\t\t\t<\/div>\r\n\t\t\t\t<\/div>\r\n\t\t<div class=\"elementor-element elementor-element-d7f5643 e-con-full pxl-column-sticky e-flex pxl-row-scroll-none pxl-full-content-with-space-none e-con e-child\" data-id=\"d7f5643\" data-element_type=\"container\"><div class=\"elementor-element elementor-element-a1db791 e-con-full e-flex pxl-row-scroll-none pxl-column-none pxl-full-content-with-space-none e-con e-child\" data-id=\"a1db791\" data-element_type=\"container\" data-settings=\"{&quot;background_background&quot;:&quot;classic&quot;}\">\t\t<div class=\"elementor-element elementor-element-ce57f29 elementor-widget__width-initial elementor-widget elementor-widget-pxl_heading\" data-id=\"ce57f29\" data-element_type=\"widget\" data-widget_type=\"pxl_heading.default\">\n\t\t\t\t<div class=\"elementor-widget-container\">\n\t\t\t\t\t\n<div id=\"pxl-pxl_heading-ce57f29-7339\" class=\"pxl-heading px-sub-title-2-style\">\n\t<div class=\"pxl-heading--inner\">\n\t\t\n\n\n\t\t<h4 class=\"pxl-item--title\t\t\tstyle-default highlight-default\"\n\t\t\tdata-wow-delay=\"ms\">\n\t\t\t\t\t\t\tSanliturk Furniture &amp; Decoration (2012)\t\t\t\t\t<\/h4>\n\n\n\n\t<\/div>\n<\/div>\t\t\t\t<\/div>\n\t\t\t\t<\/div>\n\t\t\t\t<div class=\"elementor-element elementor-element-588b777 elementor-widget elementor-widget-pxl_text_editor\" data-id=\"588b777\" data-element_type=\"widget\" data-widget_type=\"pxl_text_editor.default\">\n\t\t\t\t<div class=\"elementor-widget-container\">\n\t\t\t\t\t<div class=\"pxl-text-editor default\">\n\t<div class=\"pxl-item--inner\" data-wow-delay=\"ms\">\n\t\t<p data-start=\"152\" data-end=\"519\">The companies operating within our organization and <strong data-start=\"191\" data-end=\"233\">Our furniture workshop was established in 2012<\/strong>, today <strong data-start=\"241\" data-end=\"280\">A team of 25 interior designers and craftsmen.<\/strong> It continues its production activities. In our workshop; <strong data-start=\"335\" data-end=\"407\">door manufacturing, kitchen furniture production, and fixed furniture installations.<\/strong>, in accordance with project-specific measurements and designs <strong data-start=\"455\" data-end=\"495\">completely under our company's own control<\/strong> production is carried out.<\/p><p data-start=\"521\" data-end=\"828\">With modern production infrastructure, use of quality materials and detail-oriented workmanship; in residential and commercial projects. <strong data-start=\"637\" data-end=\"694\">Long-lasting, aesthetically pleasing, and functional furniture solutions.<\/strong> All production processes, from design to assembly, are managed from a single center to ensure quality standards.<\/p>\t\t\n\t<\/div>\n<\/div>\t\t\t\t<\/div>\n\t\t\t\t<\/div>\n\t\t\t\t<\/div>\r\n\t\t<div class=\"elementor-element elementor-element-5ad8801 e-con-full e-flex pxl-row-scroll-none pxl-column-none pxl-full-content-with-space-none e-con e-child\" data-id=\"5ad8801\" data-element_type=\"container\" data-settings=\"{&quot;background_background&quot;:&quot;classic&quot;}\">\t\t<div class=\"elementor-element elementor-element-236c9e6 elementor-widget elementor-widget-spacer\" data-id=\"236c9e6\" data-element_type=\"widget\" data-widget_type=\"spacer.default\">\n\t\t\t\t\t\t\t<div class=\"elementor-spacer\">\n\t\t\t<div class=\"elementor-spacer-inner\"><\/div>\n\t\t<\/div>\n\t\t\t\t\t\t<\/div>\n\t\t\t\t<\/div>\r\n\t\t\t\t<\/div>\r\n\t\t\t\t<\/div>\r\n\t\t\t\t<\/div>\r\n\t\t\t\t<\/div>","protected":false},"excerpt":{"rendered":"<p>\u00dcretim G\u00fcc\u00fcm\u00fcz \u015eanl\u0131t\u00fcrk Yap\u0131 olarak, t\u00fcm projelerimizde kalite standartlar\u0131n\u0131 en \u00fcst seviyede tutmak i\u00e7in \u00fcretim ve uygulama s\u00fcre\u00e7lerini kendi b\u00fcnyemizde ger\u00e7ekle\u015ftiriyoruz. Bu yakla\u015f\u0131m sayesinde s\u00fcre\u00e7leri do\u011frudan kontrol ediyor, zaman ve maliyet y\u00f6netiminde verimlilik sa\u011fl\u0131yor; s\u00fcrd\u00fcr\u00fclebilir, g\u00fcvenli ve uzun \u00f6m\u00fcrl\u00fc yap\u0131lar\u0131 planl\u0131 \u015fekilde hayata ge\u00e7iriyoruz. Sel\u00e7uk \u0130n\u015faat (1993) Grubumuzun ilk \u015firketi olan Sel\u00e7uk \u0130n\u015faat, kaba in\u015faattan [&hellip;]<\/p>","protected":false},"author":1,"featured_media":0,"parent":0,"menu_order":0,"comment_status":"closed","ping_status":"closed","template":"","meta":{"footnotes":""},"class_list":["post-1810","page","type-page","status-publish","hentry"],"_links":{"self":[{"href":"https:\/\/sanliturkyapi.com\/en\/wp-json\/wp\/v2\/pages\/1810","targetHints":{"allow":["GET"]}}],"collection":[{"href":"https:\/\/sanliturkyapi.com\/en\/wp-json\/wp\/v2\/pages"}],"about":[{"href":"https:\/\/sanliturkyapi.com\/en\/wp-json\/wp\/v2\/types\/page"}],"author":[{"embeddable":true,"href":"https:\/\/sanliturkyapi.com\/en\/wp-json\/wp\/v2\/users\/1"}],"replies":[{"embeddable":true,"href":"https:\/\/sanliturkyapi.com\/en\/wp-json\/wp\/v2\/comments?post=1810"}],"version-history":[{"count":43,"href":"https:\/\/sanliturkyapi.com\/en\/wp-json\/wp\/v2\/pages\/1810\/revisions"}],"predecessor-version":[{"id":5470,"href":"https:\/\/sanliturkyapi.com\/en\/wp-json\/wp\/v2\/pages\/1810\/revisions\/5470"}],"wp:attachment":[{"href":"https:\/\/sanliturkyapi.com\/en\/wp-json\/wp\/v2\/media?parent=1810"}],"curies":[{"name":"wp","href":"https:\/\/api.w.org\/{rel}","templated":true}]}}