{"id":4022,"date":"2025-10-22T08:12:23","date_gmt":"2025-10-22T08:12:23","guid":{"rendered":"https:\/\/buildnest.bravisthemes.com\/?page_id=4022"},"modified":"2025-12-25T22:58:17","modified_gmt":"2025-12-25T22:58:17","slug":"home-03-op","status":"publish","type":"page","link":"https:\/\/sanliturkyapi.com\/en\/","title":{"rendered":"Homepage"},"content":{"rendered":"<div data-elementor-type=\"wp-page\" data-elementor-id=\"4022\" class=\"elementor elementor-4022\">\n\t\t\t\t<div class=\"elementor-element elementor-element-2405fbf e-con-full e-flex pxl-row-scroll-none pxl-column-none pxl-full-content-with-space-none e-con e-parent\" data-id=\"2405fbf\" data-element_type=\"container\">\t\t<div class=\"elementor-element elementor-element-bddbb0f elementor-widget elementor-widget-pxl_meta_carousel\" data-id=\"bddbb0f\" data-element_type=\"widget\" data-widget_type=\"pxl_meta_carousel.default\">\n\t\t\t\t<div class=\"elementor-widget-container\">\n\t\t\t\t\t    <div id=\"pxl-gallery-69dffbf8e549e\"\n        class=\"pxl-swiper-slider pxl-meta-carousel pxl-meta-carousel3 style1\"\n                data-wow-delay=\"ms\">\n\n        <div class=\"pxl-carousel-inner\">\n            <div class=\"pxl-swiper-container\" dir=\"ltr\" data-settings=\"{&quot;slide_direction&quot;:&quot;horizontal&quot;,&quot;slide_percolumn&quot;:1,&quot;slide_mode&quot;:&quot;fade&quot;,&quot;slides_to_show&quot;:1,&quot;slides_to_show_xxl&quot;:1,&quot;slides_to_show_lg&quot;:1,&quot;slides_to_show_md&quot;:1,&quot;slides_to_show_sm&quot;:1,&quot;slides_to_show_xs&quot;:1,&quot;slides_to_scroll&quot;:1,&quot;arrow&quot;:false,&quot;pagination&quot;:false,&quot;pagination_type&quot;:&quot;bullets&quot;,&quot;autoplay&quot;:false,&quot;pause_on_hover&quot;:false,&quot;pause_on_interaction&quot;:true,&quot;delay&quot;:5000,&quot;loop&quot;:false,&quot;speed&quot;:500}\">\n                <div class=\"pxl-swiper-wrapper\">\n                                                                        <div class=\"pxl-swiper-slide\">\n                                <div id=\"pxl_meta_carousel-bddbb0f-2495-677bfa9\" class=\"pxl-item--content\">\n                                    \t\t<div data-elementor-type=\"wp-post\" data-elementor-id=\"2289\" class=\"elementor elementor-2289\">\n\t\t\t\t<div class=\"elementor-element elementor-element-d7363cf e-flex e-con-boxed pxl-row-scroll-none pxl-column-none pxl-full-content-with-space-none e-con e-parent\" data-id=\"d7363cf\" data-element_type=\"container\" data-settings=\"{&quot;background_background&quot;:&quot;classic&quot;}\">\t\t\t<div class=\"e-con-inner\">\r\n\t\t<div class=\"elementor-element elementor-element-11d4af3 e-con-full pxl-animation-crs e-flex pxl-row-scroll-none pxl-column-none pxl-full-content-with-space-none e-con e-child\" data-id=\"11d4af3\" data-element_type=\"container\" data-settings=\"{&quot;background_background&quot;:&quot;classic&quot;,&quot;position&quot;:&quot;absolute&quot;}\">\t\t<\/div>\r\n\t\t<div class=\"elementor-element elementor-element-c7f7976 e-con-full e-flex pxl-row-scroll-none pxl-column-none pxl-full-content-with-space-none e-con e-child\" data-id=\"c7f7976\" data-element_type=\"container\">\t\t<div class=\"elementor-element elementor-element-3aed908 elementor-widget__width-inherit elementor-invisible elementor-widget elementor-widget-pxl_text_editor\" data-id=\"3aed908\" data-element_type=\"widget\" data-settings=\"{&quot;_animation&quot;:&quot;fadeInUp&quot;,&quot;_animation_delay&quot;:200}\" data-widget_type=\"pxl_text_editor.default\">\n\t\t\t\t<div class=\"elementor-widget-container\">\n\t\t\t\t\t<div class=\"pxl-text-editor default\">\n\t<div class=\"pxl-item--inner wow fadeOutUp ft-gt\" data-wow-delay=\"ms\">\n\t\t<h1 style=\"color: #fff;font-weight: 900;letter-spacing: 3px;background: linear-gradient(to right, rgba(0,0,0,.75), rgba(0,0,0,.45), rgba(0,0,0,.75));padding: 22px 60px;border-radius: 4px\">\u015eANLIT\u00dcRK PRIME<\/h1>\t\t\n\t<\/div>\n<\/div>\t\t\t\t<\/div>\n\t\t\t\t<\/div>\n\t\t\t\t<div class=\"elementor-element elementor-element-5160d20 elementor-widget__width-inherit elementor-invisible elementor-widget elementor-widget-pxl_text_editor\" data-id=\"5160d20\" data-element_type=\"widget\" data-settings=\"{&quot;_animation&quot;:&quot;fadeInUp&quot;,&quot;_animation_delay&quot;:200}\" data-widget_type=\"pxl_text_editor.default\">\n\t\t\t\t<div class=\"elementor-widget-container\">\n\t\t\t\t\t<div class=\"pxl-text-editor default\">\n\t<div class=\"pxl-item--inner wow fadeOutUp ft-gt\" data-wow-delay=\"ms\">\n\t\t<div style=\"padding: 12px 32px;border-radius: 3px\"><br \/><span style=\"color: #fff;font-weight: 500;font-size: 26px;letter-spacing: 1.2px\"><br \/>300 Konut \u00b7 27 \u0130\u015f Yeri<br \/><\/span><\/div>\t\t\n\t<\/div>\n<\/div>\t\t\t\t<\/div>\n\t\t\t\t<\/div>\n\t\t\t\t<\/div>\r\n\t\t<div class=\"elementor-element elementor-element-5c27139 e-con-full e-flex pxl-row-scroll-none pxl-column-none pxl-full-content-with-space-none e-con e-child\" data-id=\"5c27139\" data-element_type=\"container\" data-settings=\"{&quot;background_background&quot;:&quot;classic&quot;,&quot;position&quot;:&quot;absolute&quot;}\">\t\t<\/div>\r\n\t\t\t\t\t<\/div>\r\n\t\t\t\t<\/div>\r\n\t\t\t\t<\/div>\n\t\t                                <\/div>\n                            <\/div>\n                                                            <\/div><!-- \/.pxl-swiper-wrapper -->\n            <\/div>\n                    <\/div>\n    <\/div>\n\n\t\t\t\t<\/div>\n\t\t\t\t<\/div>\n\t\t\t\t<\/div>\r\n\t\t\t\t<\/div>","protected":false},"excerpt":{"rendered":"<p>\u015eANLIT\u00dcRK PR\u0130ME 297 Konut 27 Cadde Ma\u011faza<\/p>","protected":false},"author":1,"featured_media":0,"parent":0,"menu_order":0,"comment_status":"closed","ping_status":"closed","template":"","meta":{"footnotes":""},"class_list":["post-4022","page","type-page","status-publish","hentry"],"_links":{"self":[{"href":"https:\/\/sanliturkyapi.com\/en\/wp-json\/wp\/v2\/pages\/4022","targetHints":{"allow":["GET"]}}],"collection":[{"href":"https:\/\/sanliturkyapi.com\/en\/wp-json\/wp\/v2\/pages"}],"about":[{"href":"https:\/\/sanliturkyapi.com\/en\/wp-json\/wp\/v2\/types\/page"}],"author":[{"embeddable":true,"href":"https:\/\/sanliturkyapi.com\/en\/wp-json\/wp\/v2\/users\/1"}],"replies":[{"embeddable":true,"href":"https:\/\/sanliturkyapi.com\/en\/wp-json\/wp\/v2\/comments?post=4022"}],"version-history":[{"count":34,"href":"https:\/\/sanliturkyapi.com\/en\/wp-json\/wp\/v2\/pages\/4022\/revisions"}],"predecessor-version":[{"id":5389,"href":"https:\/\/sanliturkyapi.com\/en\/wp-json\/wp\/v2\/pages\/4022\/revisions\/5389"}],"wp:attachment":[{"href":"https:\/\/sanliturkyapi.com\/en\/wp-json\/wp\/v2\/media?parent=4022"}],"curies":[{"name":"wp","href":"https:\/\/api.w.org\/{rel}","templated":true}]}}